{"id":1022,"date":"2022-03-06T15:56:02","date_gmt":"2022-03-06T14:56:02","guid":{"rendered":"https:\/\/www.karntnerhof.com\/biscotti\/"},"modified":"2023-06-21T16:52:02","modified_gmt":"2023-06-21T14:52:02","slug":"biscotti","status":"publish","type":"page","link":"https:\/\/www.karntnerhof.com\/it\/biscotti\/","title":{"rendered":"Cookies"},"content":{"rendered":"<section class=\"l-section wpb_row height_auto\"><div class=\"l-section-h i-cf\"><div class=\"g-cols vc_row via_flex valign_top type_default stacking_default\"><div class=\"vc_col-sm-12 wpb_column vc_column_container\"><div class=\"vc_column-inner\"><div class=\"wpb_wrapper\"><\/div><\/div><\/div><\/div><\/div><\/section><section class=\"l-section wpb_row hide_on_default hide_on_laptops height_auto width_full\"><div class=\"l-section-h i-cf\"><div class=\"g-cols vc_row via_flex valign_top type_default stacking_default\"><div class=\"vc_col-sm-12 wpb_column vc_column_container\"><div class=\"vc_column-inner\"><div class=\"wpb_wrapper\"><section class=\"l-section wpb_row us_custom_47d1b5f3 has_text_color hide_on_default hide_on_laptops hide_on_tablets height_auto width_full\" id=\"smartphone\"><div class=\"l-section-overlay\" style=\"background:#697ea7\"><\/div><div class=\"l-section-h i-cf\"><div class=\"g-cols vc_row via_flex valign_middle type_default stacking_default\"><div class=\"vc_col-sm-12 wpb_column vc_column_container has-link\"><div class=\"vc_column-inner\"><div class=\"wpb_wrapper\">[vc_custom_heading text=&#8221;Prenota al miglior prezzo<br \/>\nTutte le camere con aria condizionata&#8221; font_container=&#8221;tag:h5|text_align:center&#8221; google_fonts=&#8221;font_family:Open%20Sans%3A300%2C300italic%2Cregular%2Citalic%2C600%2C600italic%2C700%2C700italic%2C800%2C800italic|font_style:400%20regular%3A400%3Anormal&#8221;]<\/div><\/div><a target=\"_blank\" rel=\"nofollow\" href=\"https:\/\/www.simplebooking.it\/ibe\/search?hid=6896&amp;lang=IT\" class=\"vc_column-link smooth-scroll\" aria-label=\"Link\"><\/a><\/div><\/div><\/div><\/section><section class=\"l-section wpb_row us_custom_835cda68 has_text_color hide_on_default hide_on_laptops hide_on_mobiles height_auto width_full\" id=\"tavoletta\"><div class=\"l-section-overlay\" style=\"background:#697ea7\"><\/div><div class=\"l-section-h i-cf\"><div class=\"g-cols vc_row via_flex valign_middle type_default stacking_default\"><div class=\"vc_col-sm-12 wpb_column vc_column_container has-link\"><div class=\"vc_column-inner\"><div class=\"wpb_wrapper\">[vc_custom_heading text=&#8221;Prenota al miglior prezz. Tutte le camere con aria condizionata&#8221; font_container=&#8221;tag:h5|text_align:center&#8221; google_fonts=&#8221;font_family:Open%20Sans%3A300%2C300italic%2Cregular%2Citalic%2C600%2C600italic%2C700%2C700italic%2C800%2C800italic|font_style:400%20regular%3A400%3Anormal&#8221;]<\/div><\/div><a target=\"_blank\" rel=\"nofollow\" href=\"https:\/\/www.simplebooking.it\/ibe\/search?hid=6896&amp;lang=IT\" class=\"vc_column-link smooth-scroll\" aria-label=\"Link\"><\/a><\/div><\/div><\/div><\/section>\n<\/div><\/div><\/div><\/div><\/div><\/section><section class=\"l-section wpb_row height_medium\"><div class=\"l-section-h i-cf\"><div class=\"g-cols vc_row via_flex valign_top type_default stacking_default\"><div class=\"vc_col-sm-12 wpb_column vc_column_container\"><div class=\"vc_column-inner\"><div class=\"wpb_wrapper\">[vc_custom_heading text=&#8221;Cookies&#8221; use_theme_fonts=&#8221;yes&#8221;]<div class=\"w-separator size_small with_line width_default thick_1 style_solid color_border align_center\"><div class=\"w-separator-h\"><\/div><\/div><div class=\"wpb_text_column\"><div class=\"wpb_wrapper\"><p>Affinch\u00e9 questo sito Web funzioni correttamente, a volte inseriamo piccoli file &#8211; i cosiddetti cookie &#8211; sul tuo dispositivo. Questo \u00e8 comune per la maggior parte dei principali siti Web.<\/p>\n<p><strong>Cosa sono i cookie?<\/strong><\/p>\n<p>Un cookie \u00e8 un piccolo file di testo che un portale web lascia sul tuo computer, tablet o smartphone quando lo visiti. In questo modo il portale pu\u00f2 \u201cricordare\u201d determinati input e impostazioni (es. login, lingua, dimensione caratteri e altre preferenze di visualizzazione) per un certo periodo di tempo e non \u00e8 necessario rifarli ad ogni visita successiva e durante la navigazione in il portale.<\/p>\n<p><strong>Come utilizziamo i cookie?<\/strong><\/p>\n<p>Utilizziamo i cookie per la memorizzazione sul nostro sito web<\/p>\n<ul>\n<li>le tue preferenze di visualizzazione su schermo, ad es. B. Contrasto e dimensione del carattere<\/li>\n<li>La tua partecipazione a un sondaggio sull&#8217;utilit\u00e0 dei contenuti (in modo che non ti venga chiesto di rispondere nuovamente da una finestra pop-up)<\/li>\n<li>La tua decisione di (o meno) utilizzare i cookie su questo portale.<\/li>\n<\/ul>\n<p>Alcuni video incorporati nelle nostre pagine utilizzano i cookie anche per generare statistiche anonime sulle pagine visitate in precedenza e sui video selezionati.<\/p>\n<p>Sebbene accettare i cookie non sia strettamente necessario per utilizzare il portale, rende la navigazione pi\u00f9 piacevole. \u00c8 possibile bloccare o eliminare i cookie, ma ci\u00f2 potrebbe influire su alcune funzioni di questo sito web.<\/p>\n<p>Le informazioni raccolte utilizzando i cookie non vengono utilizzate per identificarti e i dati sono interamente sotto il nostro controllo. I cookie non vengono utilizzati per scopi diversi da quelli qui menzionati.<\/p>\n<p><strong>Controllo sui cookie<\/strong><\/p>\n<p>Puoi controllare e\/o eliminare i cookie come desideri. Puoi scoprire come qui: <a href=\"http:\/\/www.allaboutcookies.org\/ge\/\" target=\"_blank\" rel=\"nofollow noopener\">allaboutcookies.org<\/a> . Puoi eliminare tutti i cookie memorizzati sul tuo computer e impostare la maggior parte dei browser in modo tale da impedire la memorizzazione dei cookie. Ma poi potresti dover effettuare alcune impostazioni manualmente ogni volta che visiti una pagina e accetti la compromissione di alcune funzioni.<\/p>\n<\/div><\/div><div class=\"w-separator size_small\"><\/div>[vc_raw_html]W3JjYi1jb25zZW50IHR5cGU9ImNoYW5nZSIgdGFnPSJhIiB0ZXh0PSJDYW1iaWFyZSBsZSBpbXBvc3RhemlvbmkgZGVsbGEgcHJpdmFjeSJd[\/vc_raw_html][vc_raw_html]W3JjYi1jb25zZW50IHR5cGU9Imhpc3RvcnkiIHRhZz0iYSIgdGV4dD0iU3RvcmlhIGRlbGxlIGltcG9zdGF6aW9uaSBkZWxsYSBwcml2YWN5Il0=[\/vc_raw_html][vc_raw_html]W3JjYi1jb25zZW50IHR5cGU9InJldm9rZSIgdGFnPSJhIiB0ZXh0PSJSZXZvY2FyZSBpIGNvbnNlbnNpIiBzdWNjZXNzbWVzc2FnZT0iU2llIGhhYmVuIGRpZSBFaW53aWxsaWd1bmcgZXJmb2xncmVpY2ggd2lkZXJydWZlbi4gRGllIFNlaXRlIHdpcmQgbnVuIG5ldSBnZWxhZGVuLiJd[\/vc_raw_html]<\/div><\/div><\/div><\/div><\/div><\/section>\n","protected":false},"excerpt":{"rendered":"[vc_custom_heading text=&#8221;Prenota al miglior prezzo Tutte le camere con aria condizionata&#8221; font_container=&#8221;tag:h5|text_align:center&#8221; google_fonts=&#8221;font_family:Open%20Sans%3A300%2C300italic%2Cregular%2Citalic%2C600%2C600italic%2C700%2C700italic%2C800%2C800italic|font_style:400%20regular%3A400%3Anormal&#8221;][vc_custom_heading text=&#8221;Prenota al miglior prezz. Tutte le camere con aria condizionata&#8221; font_container=&#8221;tag:h5|text_align:center&#8221; google_fonts=&#8221;font_family:Open%20Sans%3A300%2C300italic%2Cregular%2Citalic%2C600%2C600italic%2C700%2C700italic%2C800%2C800italic|font_style:400%20regular%3A400%3Anormal&#8221;] [vc_custom_heading text=\"Cookies\" use_theme_fonts=\"yes\"]Affinch\u00e9 questo sito Web funzioni correttamente, a volte inseriamo piccoli file &#8211; i cosiddetti cookie &#8211; sul tuo dispositivo. Questo \u00e8 comune per la maggior parte dei principali...","protected":false},"author":1,"featured_media":0,"parent":0,"menu_order":0,"comment_status":"closed","ping_status":"closed","template":"","meta":{"_monsterinsights_skip_tracking":false,"_monsterinsights_sitenote_active":false,"_monsterinsights_sitenote_note":"","_monsterinsights_sitenote_category":0,"footnotes":""},"class_list":["post-1022","page","type-page","status-publish","hentry"],"aioseo_notices":[],"_links":{"self":[{"href":"https:\/\/www.karntnerhof.com\/it\/wp-json\/wp\/v2\/pages\/1022","targetHints":{"allow":["GET"]}}],"collection":[{"href":"https:\/\/www.karntnerhof.com\/it\/wp-json\/wp\/v2\/pages"}],"about":[{"href":"https:\/\/www.karntnerhof.com\/it\/wp-json\/wp\/v2\/types\/page"}],"author":[{"embeddable":true,"href":"https:\/\/www.karntnerhof.com\/it\/wp-json\/wp\/v2\/users\/1"}],"replies":[{"embeddable":true,"href":"https:\/\/www.karntnerhof.com\/it\/wp-json\/wp\/v2\/comments?post=1022"}],"version-history":[{"count":26,"href":"https:\/\/www.karntnerhof.com\/it\/wp-json\/wp\/v2\/pages\/1022\/revisions"}],"predecessor-version":[{"id":6853,"href":"https:\/\/www.karntnerhof.com\/it\/wp-json\/wp\/v2\/pages\/1022\/revisions\/6853"}],"wp:attachment":[{"href":"https:\/\/www.karntnerhof.com\/it\/wp-json\/wp\/v2\/media?parent=1022"}],"curies":[{"name":"wp","href":"https:\/\/api.w.org\/{rel}","templated":true}]}}