{"id":786,"date":"2022-03-06T15:56:11","date_gmt":"2022-03-06T14:56:11","guid":{"rendered":"https:\/\/www.karntnerhof.com\/imprimer\/"},"modified":"2023-06-21T16:52:09","modified_gmt":"2023-06-21T14:52:09","slug":"imprimer","status":"publish","type":"page","link":"https:\/\/www.karntnerhof.com\/fr\/imprimer\/","title":{"rendered":"Imprimer"},"content":{"rendered":"<section class=\"l-section wpb_row height_auto\"><div class=\"l-section-h i-cf\"><div class=\"g-cols vc_row via_flex valign_top type_default stacking_default\"><div class=\"vc_col-sm-12 wpb_column vc_column_container\"><div class=\"vc_column-inner\"><div class=\"wpb_wrapper\"><\/div><\/div><\/div><\/div><\/div><\/section><section class=\"l-section wpb_row hide_on_default hide_on_laptops height_auto width_full\"><div class=\"l-section-h i-cf\"><div class=\"g-cols vc_row via_flex valign_top type_default stacking_default\"><div class=\"vc_col-sm-12 wpb_column vc_column_container\"><div class=\"vc_column-inner\"><div class=\"wpb_wrapper\"><section class=\"l-section wpb_row us_custom_47d1b5f3 has_text_color hide_on_default hide_on_laptops hide_on_tablets height_auto width_full\" id=\"t\u00e9l\u00e9phone intelligent\"><div class=\"l-section-overlay\" style=\"background:#697ea7\"><\/div><div class=\"l-section-h i-cf\"><div class=\"g-cols vc_row via_flex valign_middle type_default stacking_default\"><div class=\"vc_col-sm-12 wpb_column vc_column_container has-link\"><div class=\"vc_column-inner\"><div class=\"wpb_wrapper\">[vc_custom_heading text=\u00a0\u00bbR\u00e9server au meilleur prix garanti<br \/>\nToutes les chambres sont climatis\u00e9es\u00a0\u00bb font_container=\u00a0\u00bbtag:h5|text_align:center\u00a0\u00bb google_fonts=\u00a0\u00bbfont_family:Open%20Sans%3A300%2C300italic%2Cregular%2Citalic%2C600%2C600italic%2C700%2C700italic%2C800%2C800italic|font_style:400%20regular%3A400%3Anormal\u00a0\u00bb]<\/div><\/div><a target=\"_blank\" rel=\"nofollow\" href=\"https:\/\/www.simplebooking.it\/ibe\/search?hid=6896&amp;lang=FR\" class=\"vc_column-link smooth-scroll\" aria-label=\"Lien\"><\/a><\/div><\/div><\/div><\/section><section class=\"l-section wpb_row us_custom_835cda68 has_text_color hide_on_default hide_on_laptops hide_on_mobiles height_auto width_full\" id=\"tablette\"><div class=\"l-section-overlay\" style=\"background:#697ea7\"><\/div><div class=\"l-section-h i-cf\"><div class=\"g-cols vc_row via_flex valign_middle type_default stacking_default\"><div class=\"vc_col-sm-12 wpb_column vc_column_container has-link\"><div class=\"vc_column-inner\"><div class=\"wpb_wrapper\">[vc_custom_heading text=\u00a0\u00bbR\u00e9server au meilleur prix garanti. Toutes les chambres sont climatis\u00e9es\u00a0\u00bb font_container=\u00a0\u00bbtag:h5|text_align:center\u00a0\u00bb google_fonts=\u00a0\u00bbfont_family:Open%20Sans%3A300%2C300italic%2Cregular%2Citalic%2C600%2C600italic%2C700%2C700italic%2C800%2C800italic|font_style:400%20regular%3A400%3Anormal\u00a0\u00bb]<\/div><\/div><a target=\"_blank\" rel=\"nofollow\" href=\"https:\/\/www.simplebooking.it\/ibe\/search?hid=6896&amp;lang=FR\" class=\"vc_column-link smooth-scroll\" aria-label=\"Lien\"><\/a><\/div><\/div><\/div><\/section>\n<\/div><\/div><\/div><\/div><\/div><\/section><section class=\"l-section wpb_row height_medium\"><div class=\"l-section-h i-cf\"><div class=\"g-cols vc_row via_flex valign_top type_default stacking_default\"><div class=\"vc_col-sm-12 wpb_column vc_column_container\"><div class=\"vc_column-inner\"><div class=\"wpb_wrapper\">[vc_custom_heading text=\u00a0\u00bbImprimer\u00a0\u00bb use_theme_fonts=\u00a0\u00bbyes\u00a0\u00bb]<div class=\"w-separator size_small with_line width_default thick_1 style_solid color_border align_center\"><div class=\"w-separator-h\"><\/div><\/div><div class=\"wpb_text_column\"><div class=\"wpb_wrapper\"><p><strong>Nicole Nagel &#8211; H\u00d4TEL K\u00c4RNTNERHOF<\/strong><br \/>\nGrashofgasse 4<br \/>\n1010 Vienne<br \/>\nL&rsquo;Autriche<\/p>\n<p>T\u00e9l\u00e9phone : <a href=\"tel:+43%201%20512%2019%2023\">+43 1 512 19 23<\/a><br \/>\nT\u00e9l\u00e9copie : <a href=\"fax:+43%201%20513%2022%2028%2033\">+43 1 513 22 28 33<\/a><br \/>\nCourriel : <a href=\"mailto:info@karntnerhof.com\">info@karntnerhof.com<\/a><br \/>\nInternet : <a href=\"https:\/\/www.karntnerhof.com\/fr\/\" target=\"_blank\" rel=\"noopener\">www.karntnerhof.com<\/a><\/p>\n<p>Propri\u00e9taire : Nicole Nagel<br \/>\nForme juridique : entreprise individuelle<br \/>\nChambre&nbsp;: Chambre de commerce de Vienne<br \/>\nl\u00e9gal Intitul\u00e9 du poste&nbsp;: Hospitalit\u00e9 en mode h\u00f4tel<br \/>\nr\u00e9glementation professionnelle : r\u00e9glementation commerciale<br \/>\nAutorit\u00e9 de tutelle : Office communal d&rsquo;arrondissement du 1er arrondissement<br \/>\nNum\u00e9ro de TVA : ATU65094346<\/p>\n<\/div><\/div><div class=\"w-separator size_small\"><\/div>[vc_custom_heading text=\u00a0\u00bbObligation d&rsquo;informer\u00a0\u00bb use_theme_fonts=\u00a0\u00bbyes\u00a0\u00bb]<div class=\"w-separator size_small\"><\/div><div class=\"wpb_text_column\"><div class=\"wpb_wrapper\"><p class=\"vc_custom_heading\"><strong>Responsabilit\u00e9 pour le contenu de ce site Web<\/strong><br \/>\n Ce site Web est destin\u00e9 \u00e0 fournir un acc\u00e8s public aux informations sur Nicole Nagel &#8211; HOTEL K\u00c4RNTNERHOF. Les informations sur ce site Web sont cr\u00e9\u00e9es par nous au mieux de nos connaissances et de nos convictions. Malgr\u00e9 tout le soin apport\u00e9, l&rsquo;exactitude absolue, l&rsquo;actualit\u00e9 et l&rsquo;exactitude des informations propos\u00e9es ici ne peuvent \u00eatre garanties. Si nous prenons connaissance d&rsquo;erreurs ou d&rsquo;erreurs, nous nous efforcerons de les corriger. Nous vous serions reconnaissants de bien vouloir informer nos r\u00e9dacteurs \u00e0 ce sujet.<\/p>\n<div class=\"wpb_text_column\">\n<div class=\"wpb_wrapper\">\n<p><strong>Responsabilit\u00e9 pour les hyperliens<\/strong><br \/>\nNous avons plac\u00e9 sur notre site des liens vers d&rsquo;autres sites Internet. Il s&rsquo;applique \u00e0 tous ces liens que nous n&rsquo;avons aucune influence sur la conception et le contenu des pages li\u00e9es. Nous nous distan\u00e7ons donc express\u00e9ment du contenu de ces sites li\u00e9s et ne les adoptons pas comme les n\u00f4tres. Ceci s&rsquo;applique au contenu de tous les sites Web externes accessibles via notre site Web (y compris par le biais de banni\u00e8res, de livres d&rsquo;or ou de compteurs).<br \/>\nSi nous prenons connaissance d&rsquo;une activit\u00e9 ou d&rsquo;informations ill\u00e9gales sur l&rsquo;un de nos sites Web li\u00e9s, nous supprimerons imm\u00e9diatement le lien concern\u00e9. Si vous avez connaissance d&rsquo;informations pertinentes, veuillez nous envoyer un e-mail.<\/p>\n<p>Mat\u00e9riel photo et vid\u00e9o d&rsquo;archives priv\u00e9es | <a href=\"https:\/\/www.shutterstock.com\/\" target=\"_blank\" rel=\"noopener noreferrer\">Shutterstock<\/a><\/p>\n<\/div>\n<\/div>\n<\/div><\/div><div class=\"w-separator size_small\"><\/div>[vc_custom_heading text=\u00a0\u00bbR\u00e8glement extrajudiciaire des litiges conform\u00e9ment \u00e0 l&rsquo;article 14, al. 1 ODR-VO et \u00a7 36 VSBG&nbsp;:\u00a0\u00bb use_theme_fonts=\u00a0\u00bbyes\u00a0\u00bb]<div class=\"w-separator size_small\"><\/div><div class=\"wpb_text_column\"><div class=\"wpb_wrapper\"><p>La Commission europ\u00e9enne fournit une plate-forme de r\u00e9solution des litiges en ligne (OS), que vous pouvez trouver \u00e0 l&rsquo; <a href=\"https:\/\/ec.europa.eu\/consumers\/odr\" target=\"_blank\" rel=\"noopener\">adresse https:\/\/ec.europa.eu\/consumers\/odr<\/a> . Nous ne sommes ni oblig\u00e9s ni dispos\u00e9s \u00e0 participer \u00e0 une proc\u00e9dure de r\u00e8glement des litiges devant un conseil d&rsquo;arbitrage des consommateurs.<\/p>\n<\/div><\/div><\/div><\/div><\/div><\/div><\/div><\/section>\n","protected":false},"excerpt":{"rendered":"[vc_custom_heading text=\u00a0\u00bbR\u00e9server au meilleur prix garanti Toutes les chambres sont climatis\u00e9es\u00a0\u00bb font_container=\u00a0\u00bbtag:h5|text_align:center\u00a0\u00bb google_fonts=\u00a0\u00bbfont_family:Open%20Sans%3A300%2C300italic%2Cregular%2Citalic%2C600%2C600italic%2C700%2C700italic%2C800%2C800italic|font_style:400%20regular%3A400%3Anormal\u00a0\u00bb][vc_custom_heading text=\u00a0\u00bbR\u00e9server au meilleur prix garanti. Toutes les chambres sont climatis\u00e9es\u00a0\u00bb font_container=\u00a0\u00bbtag:h5|text_align:center\u00a0\u00bb google_fonts=\u00a0\u00bbfont_family:Open%20Sans%3A300%2C300italic%2Cregular%2Citalic%2C600%2C600italic%2C700%2C700italic%2C800%2C800italic|font_style:400%20regular%3A400%3Anormal\u00a0\u00bb] [vc_custom_heading text=\"Imprimer\" use_theme_fonts=\"yes\"]Nicole Nagel &#8211; H\u00d4TEL K\u00c4RNTNERHOF Grashofgasse 4 1010 Vienne L&rsquo;Autriche T\u00e9l\u00e9phone : +43 1 512 19 23 T\u00e9l\u00e9copie : +43 1 513 22 28 33 Courriel : info@karntnerhof.com...","protected":false},"author":1,"featured_media":0,"parent":0,"menu_order":0,"comment_status":"closed","ping_status":"closed","template":"","meta":{"_monsterinsights_skip_tracking":false,"_monsterinsights_sitenote_active":false,"_monsterinsights_sitenote_note":"","_monsterinsights_sitenote_category":0,"footnotes":""},"class_list":["post-786","page","type-page","status-publish","hentry"],"aioseo_notices":[],"_links":{"self":[{"href":"https:\/\/www.karntnerhof.com\/fr\/wp-json\/wp\/v2\/pages\/786","targetHints":{"allow":["GET"]}}],"collection":[{"href":"https:\/\/www.karntnerhof.com\/fr\/wp-json\/wp\/v2\/pages"}],"about":[{"href":"https:\/\/www.karntnerhof.com\/fr\/wp-json\/wp\/v2\/types\/page"}],"author":[{"embeddable":true,"href":"https:\/\/www.karntnerhof.com\/fr\/wp-json\/wp\/v2\/users\/1"}],"replies":[{"embeddable":true,"href":"https:\/\/www.karntnerhof.com\/fr\/wp-json\/wp\/v2\/comments?post=786"}],"version-history":[{"count":19,"href":"https:\/\/www.karntnerhof.com\/fr\/wp-json\/wp\/v2\/pages\/786\/revisions"}],"predecessor-version":[{"id":6862,"href":"https:\/\/www.karntnerhof.com\/fr\/wp-json\/wp\/v2\/pages\/786\/revisions\/6862"}],"wp:attachment":[{"href":"https:\/\/www.karntnerhof.com\/fr\/wp-json\/wp\/v2\/media?parent=786"}],"curies":[{"name":"wp","href":"https:\/\/api.w.org\/{rel}","templated":true}]}}