{"id":770,"date":"2022-03-06T15:56:02","date_gmt":"2022-03-06T14:56:02","guid":{"rendered":"https:\/\/www.karntnerhof.com\/biscuits\/"},"modified":"2023-06-21T16:52:02","modified_gmt":"2023-06-21T14:52:02","slug":"biscuits","status":"publish","type":"page","link":"https:\/\/www.karntnerhof.com\/fr\/biscuits\/","title":{"rendered":"Cookies"},"content":{"rendered":"<section class=\"l-section wpb_row height_auto\"><div class=\"l-section-h i-cf\"><div class=\"g-cols vc_row via_flex valign_top type_default stacking_default\"><div class=\"vc_col-sm-12 wpb_column vc_column_container\"><div class=\"vc_column-inner\"><div class=\"wpb_wrapper\"><\/div><\/div><\/div><\/div><\/div><\/section><section class=\"l-section wpb_row hide_on_default hide_on_laptops height_auto width_full\"><div class=\"l-section-h i-cf\"><div class=\"g-cols vc_row via_flex valign_top type_default stacking_default\"><div class=\"vc_col-sm-12 wpb_column vc_column_container\"><div class=\"vc_column-inner\"><div class=\"wpb_wrapper\"><section class=\"l-section wpb_row us_custom_47d1b5f3 has_text_color hide_on_default hide_on_laptops hide_on_tablets height_auto width_full\" id=\"t\u00e9l\u00e9phone intelligent\"><div class=\"l-section-overlay\" style=\"background:#697ea7\"><\/div><div class=\"l-section-h i-cf\"><div class=\"g-cols vc_row via_flex valign_middle type_default stacking_default\"><div class=\"vc_col-sm-12 wpb_column vc_column_container has-link\"><div class=\"vc_column-inner\"><div class=\"wpb_wrapper\">[vc_custom_heading text=\u00a0\u00bbR\u00e9server au meilleur prix garanti<br \/>\nToutes les chambres sont climatis\u00e9es\u00a0\u00bb font_container=\u00a0\u00bbtag:h5|text_align:center\u00a0\u00bb google_fonts=\u00a0\u00bbfont_family:Open%20Sans%3A300%2C300italic%2Cregular%2Citalic%2C600%2C600italic%2C700%2C700italic%2C800%2C800italic|font_style:400%20regular%3A400%3Anormal\u00a0\u00bb]<\/div><\/div><a target=\"_blank\" rel=\"nofollow\" href=\"https:\/\/www.simplebooking.it\/ibe\/search?hid=6896&amp;lang=FR\" class=\"vc_column-link smooth-scroll\" aria-label=\"Lien\"><\/a><\/div><\/div><\/div><\/section><section class=\"l-section wpb_row us_custom_835cda68 has_text_color hide_on_default hide_on_laptops hide_on_mobiles height_auto width_full\" id=\"tablette\"><div class=\"l-section-overlay\" style=\"background:#697ea7\"><\/div><div class=\"l-section-h i-cf\"><div class=\"g-cols vc_row via_flex valign_middle type_default stacking_default\"><div class=\"vc_col-sm-12 wpb_column vc_column_container has-link\"><div class=\"vc_column-inner\"><div class=\"wpb_wrapper\">[vc_custom_heading text=\u00a0\u00bbR\u00e9server au meilleur prix garanti. Toutes les chambres sont climatis\u00e9es\u00a0\u00bb font_container=\u00a0\u00bbtag:h5|text_align:center\u00a0\u00bb google_fonts=\u00a0\u00bbfont_family:Open%20Sans%3A300%2C300italic%2Cregular%2Citalic%2C600%2C600italic%2C700%2C700italic%2C800%2C800italic|font_style:400%20regular%3A400%3Anormal\u00a0\u00bb]<\/div><\/div><a target=\"_blank\" rel=\"nofollow\" href=\"https:\/\/www.simplebooking.it\/ibe\/search?hid=6896&amp;lang=FR\" class=\"vc_column-link smooth-scroll\" aria-label=\"Lien\"><\/a><\/div><\/div><\/div><\/section>\n<\/div><\/div><\/div><\/div><\/div><\/section><section class=\"l-section wpb_row height_medium\"><div class=\"l-section-h i-cf\"><div class=\"g-cols vc_row via_flex valign_top type_default stacking_default\"><div class=\"vc_col-sm-12 wpb_column vc_column_container\"><div class=\"vc_column-inner\"><div class=\"wpb_wrapper\">[vc_custom_heading text=\u00a0\u00bbCookies\u00a0\u00bb use_theme_fonts=\u00a0\u00bbyes\u00a0\u00bb]<div class=\"w-separator size_small with_line width_default thick_1 style_solid color_border align_center\"><div class=\"w-separator-h\"><\/div><\/div><div class=\"wpb_text_column\"><div class=\"wpb_wrapper\"><p>Pour que ce site Web fonctionne correctement, nous pla\u00e7ons parfois de petits fichiers &#8211; appel\u00e9s cookies &#8211; sur votre appareil. Ceci est courant pour la plupart des sites Web majeurs.<\/p>\n<p><strong>Que sont les cookies ?<\/strong><\/p>\n<p>Un cookie est un petit fichier texte qu&rsquo;un portail web laisse sur votre ordinateur, tablette ou smartphone lorsque vous le visitez. De cette fa\u00e7on, le portail peut \u00ab\u00a0se souvenir\u00a0\u00bb de certaines entr\u00e9es et param\u00e8tres (par exemple, login, langue, taille de police et autres pr\u00e9f\u00e9rences d&rsquo;affichage) pendant une certaine p\u00e9riode de temps et vous n&rsquo;avez pas \u00e0 les refaire \u00e0 chaque visite suivante et lors de la navigation dans le portail.<\/p>\n<p><strong>Comment utilisons-nous les cookies ?<\/strong><\/p>\n<p>Nous utilisons des cookies pour le stockage sur notre site Web<\/p>\n<ul>\n<li>vos pr\u00e9f\u00e9rences d&rsquo;affichage \u00e0 l&rsquo;\u00e9cran, par ex. B. Contraste et taille de police<\/li>\n<li>Votre participation \u00e0 une enqu\u00eate concernant l&rsquo;utilit\u00e9 du contenu (afin que vous ne soyez pas invit\u00e9 \u00e0 r\u00e9pondre \u00e0 nouveau par une fen\u00eatre contextuelle)<\/li>\n<li>Votre d\u00e9cision d&rsquo;utiliser (ou non) des cookies sur ce portail.<\/li>\n<\/ul>\n<p>Certaines vid\u00e9os int\u00e9gr\u00e9es \u00e0 nos pages utilisent \u00e9galement des cookies pour g\u00e9n\u00e9rer des statistiques anonymes sur les pages pr\u00e9c\u00e9demment visit\u00e9es et les vid\u00e9os s\u00e9lectionn\u00e9es.<\/p>\n<p>Bien que l&rsquo;acceptation des cookies ne soit pas strictement n\u00e9cessaire pour utiliser le portail, cela rend la navigation plus agr\u00e9able. Vous pouvez bloquer ou supprimer les cookies, mais cela peut affecter certaines fonctions de ce site Web.<\/p>\n<p>Les informations collect\u00e9es \u00e0 l&rsquo;aide des cookies ne sont pas utilis\u00e9es pour vous identifier et les donn\u00e9es sont enti\u00e8rement sous notre contr\u00f4le. Les cookies ne sont pas utilis\u00e9s \u00e0 d&rsquo;autres fins que celles mentionn\u00e9es ici.<\/p>\n<p><strong>Contr\u00f4le des cookies<\/strong><\/p>\n<p>Vous pouvez contr\u00f4ler et\/ou supprimer les cookies comme vous le souhaitez. Vous pouvez d\u00e9couvrir comment ici : <a href=\"http:\/\/www.allaboutcookies.org\/ge\/\" target=\"_blank\" rel=\"nofollow noopener\">allaboutcookies.org<\/a> . Vous pouvez supprimer tous les cookies stock\u00e9s sur votre ordinateur et configurer la plupart des navigateurs de mani\u00e8re \u00e0 emp\u00eacher le stockage des cookies. Mais ensuite, vous devrez peut-\u00eatre effectuer certains r\u00e9glages manuellement chaque fois que vous visitez une page et accepter l&rsquo;alt\u00e9ration de certaines fonctions.<\/p>\n<\/div><\/div><div class=\"w-separator size_small\"><\/div>[vc_raw_html]W3JjYi1jb25zZW50IHR5cGU9ImNoYW5nZSIgdGFnPSJhIiB0ZXh0PSJNb2RpZmllciBsZXMgcGFyYW3DqHRyZXMgZGUgY29uZmlkZW50aWFsaXTDqSJd[\/vc_raw_html][vc_raw_html]W3JjYi1jb25zZW50IHR5cGU9Imhpc3RvcnkiIHRhZz0iYSIgdGV4dD0iSGlzdG9yaXF1ZSBkZXMgcGFyYW3DqHRyZXMgZGUgY29uZmlkZW50aWFsaXTDqSJd[\/vc_raw_html][vc_raw_html]W3JjYi1jb25zZW50IHR5cGU9InJldm9rZSIgdGFnPSJhIiB0ZXh0PSJSw6l2b3F1ZXIgbGVzIGNvbnNlbnRlbWVudHMiIHN1Y2Nlc3NtZXNzYWdlPSJTaWUgaGFiZW4gZGllIEVpbndpbGxpZ3VuZyBlcmZvbGdyZWljaCB3aWRlcnJ1ZmVuLiBEaWUgU2VpdGUgd2lyZCBudW4gbmV1IGdlbGFkZW4uIl0=[\/vc_raw_html]<\/div><\/div><\/div><\/div><\/div><\/section>\n","protected":false},"excerpt":{"rendered":"[vc_custom_heading text=\u00a0\u00bbR\u00e9server au meilleur prix garanti Toutes les chambres sont climatis\u00e9es\u00a0\u00bb font_container=\u00a0\u00bbtag:h5|text_align:center\u00a0\u00bb google_fonts=\u00a0\u00bbfont_family:Open%20Sans%3A300%2C300italic%2Cregular%2Citalic%2C600%2C600italic%2C700%2C700italic%2C800%2C800italic|font_style:400%20regular%3A400%3Anormal\u00a0\u00bb][vc_custom_heading text=\u00a0\u00bbR\u00e9server au meilleur prix garanti. Toutes les chambres sont climatis\u00e9es\u00a0\u00bb font_container=\u00a0\u00bbtag:h5|text_align:center\u00a0\u00bb google_fonts=\u00a0\u00bbfont_family:Open%20Sans%3A300%2C300italic%2Cregular%2Citalic%2C600%2C600italic%2C700%2C700italic%2C800%2C800italic|font_style:400%20regular%3A400%3Anormal\u00a0\u00bb] [vc_custom_heading text=\"Cookies\" use_theme_fonts=\"yes\"]Pour que ce site Web fonctionne correctement, nous pla\u00e7ons parfois de petits fichiers &#8211; appel\u00e9s cookies &#8211; sur votre appareil. Ceci est courant pour la plupart des sites...","protected":false},"author":1,"featured_media":0,"parent":0,"menu_order":0,"comment_status":"closed","ping_status":"closed","template":"","meta":{"_monsterinsights_skip_tracking":false,"_monsterinsights_sitenote_active":false,"_monsterinsights_sitenote_note":"","_monsterinsights_sitenote_category":0,"footnotes":""},"class_list":["post-770","page","type-page","status-publish","hentry"],"aioseo_notices":[],"_links":{"self":[{"href":"https:\/\/www.karntnerhof.com\/fr\/wp-json\/wp\/v2\/pages\/770","targetHints":{"allow":["GET"]}}],"collection":[{"href":"https:\/\/www.karntnerhof.com\/fr\/wp-json\/wp\/v2\/pages"}],"about":[{"href":"https:\/\/www.karntnerhof.com\/fr\/wp-json\/wp\/v2\/types\/page"}],"author":[{"embeddable":true,"href":"https:\/\/www.karntnerhof.com\/fr\/wp-json\/wp\/v2\/users\/1"}],"replies":[{"embeddable":true,"href":"https:\/\/www.karntnerhof.com\/fr\/wp-json\/wp\/v2\/comments?post=770"}],"version-history":[{"count":29,"href":"https:\/\/www.karntnerhof.com\/fr\/wp-json\/wp\/v2\/pages\/770\/revisions"}],"predecessor-version":[{"id":6851,"href":"https:\/\/www.karntnerhof.com\/fr\/wp-json\/wp\/v2\/pages\/770\/revisions\/6851"}],"wp:attachment":[{"href":"https:\/\/www.karntnerhof.com\/fr\/wp-json\/wp\/v2\/media?parent=770"}],"curies":[{"name":"wp","href":"https:\/\/api.w.org\/{rel}","templated":true}]}}