{"id":761,"date":"2022-03-06T16:16:17","date_gmt":"2022-03-06T15:16:17","guid":{"rendered":"https:\/\/www.karntnerhof.com\/courant\/"},"modified":"2023-06-21T16:55:03","modified_gmt":"2023-06-21T14:55:03","slug":"courant","status":"publish","type":"page","link":"https:\/\/www.karntnerhof.com\/fr\/courant\/","title":{"rendered":"Nouvelles"},"content":{"rendered":"<section class=\"l-section wpb_row height_auto\"><div class=\"l-section-h i-cf\"><div class=\"g-cols vc_row via_flex valign_top type_default stacking_default\"><div class=\"vc_col-sm-12 wpb_column vc_column_container\"><div class=\"vc_column-inner\"><div class=\"wpb_wrapper\"><\/div><\/div><\/div><\/div><\/div><\/section><section class=\"l-section wpb_row hide_on_default hide_on_laptops height_auto width_full\"><div class=\"l-section-h i-cf\"><div class=\"g-cols vc_row via_flex valign_top type_default stacking_default\"><div class=\"vc_col-sm-12 wpb_column vc_column_container\"><div class=\"vc_column-inner\"><div class=\"wpb_wrapper\"><section class=\"l-section wpb_row us_custom_47d1b5f3 has_text_color hide_on_default hide_on_laptops hide_on_tablets height_auto width_full\" id=\"t\u00e9l\u00e9phone intelligent\"><div class=\"l-section-overlay\" style=\"background:#697ea7\"><\/div><div class=\"l-section-h i-cf\"><div class=\"g-cols vc_row via_flex valign_middle type_default stacking_default\"><div class=\"vc_col-sm-12 wpb_column vc_column_container has-link\"><div class=\"vc_column-inner\"><div class=\"wpb_wrapper\">[vc_custom_heading text=\u00a0\u00bbR\u00e9server au meilleur prix garanti<br \/>\nToutes les chambres sont climatis\u00e9es\u00a0\u00bb font_container=\u00a0\u00bbtag:h5|text_align:center\u00a0\u00bb google_fonts=\u00a0\u00bbfont_family:Open%20Sans%3A300%2C300italic%2Cregular%2Citalic%2C600%2C600italic%2C700%2C700italic%2C800%2C800italic|font_style:400%20regular%3A400%3Anormal\u00a0\u00bb]<\/div><\/div><a target=\"_blank\" rel=\"nofollow\" href=\"https:\/\/www.simplebooking.it\/ibe\/search?hid=6896&amp;lang=FR\" class=\"vc_column-link smooth-scroll\" aria-label=\"Lien\"><\/a><\/div><\/div><\/div><\/section><section class=\"l-section wpb_row us_custom_835cda68 has_text_color hide_on_default hide_on_laptops hide_on_mobiles height_auto width_full\" id=\"tablette\"><div class=\"l-section-overlay\" style=\"background:#697ea7\"><\/div><div class=\"l-section-h i-cf\"><div class=\"g-cols vc_row via_flex valign_middle type_default stacking_default\"><div class=\"vc_col-sm-12 wpb_column vc_column_container has-link\"><div class=\"vc_column-inner\"><div class=\"wpb_wrapper\">[vc_custom_heading text=\u00a0\u00bbR\u00e9server au meilleur prix garanti. Toutes les chambres sont climatis\u00e9es\u00a0\u00bb font_container=\u00a0\u00bbtag:h5|text_align:center\u00a0\u00bb google_fonts=\u00a0\u00bbfont_family:Open%20Sans%3A300%2C300italic%2Cregular%2Citalic%2C600%2C600italic%2C700%2C700italic%2C800%2C800italic|font_style:400%20regular%3A400%3Anormal\u00a0\u00bb]<\/div><\/div><a target=\"_blank\" rel=\"nofollow\" href=\"https:\/\/www.simplebooking.it\/ibe\/search?hid=6896&amp;lang=FR\" class=\"vc_column-link smooth-scroll\" aria-label=\"Lien\"><\/a><\/div><\/div><\/div><\/section>\n<\/div><\/div><\/div><\/div><\/div><\/section><section class=\"l-section wpb_row height_medium width_full\"><div class=\"l-section-h i-cf\"><div class=\"g-cols vc_row via_flex valign_top type_default stacking_default\"><div class=\"vc_col-sm-12 wpb_column vc_column_container\"><div class=\"vc_column-inner\"><div class=\"wpb_wrapper\"><section class=\"l-section wpb_row height_auto\"><div class=\"l-section-h i-cf\"><div class=\"g-cols vc_row via_flex valign_top type_default stacking_default\"><div class=\"vc_col-sm-3 wpb_column vc_column_container\"><div class=\"vc_column-inner\"><div class=\"wpb_wrapper\"><div class=\"w-image align_center\"><div class=\"w-image-h\"><img decoding=\"async\" width=\"539\" height=\"430\" src=\"https:\/\/www.karntnerhof.com\/wp-content\/uploads\/2022\/03\/unteres-belvedere.png\" class=\"attachment-full size-full\" alt=\"\" loading=\"lazy\" srcset=\"https:\/\/www.karntnerhof.com\/wp-content\/uploads\/2022\/03\/unteres-belvedere.png 539w, https:\/\/www.karntnerhof.com\/wp-content\/uploads\/2022\/03\/unteres-belvedere-300x239.png 300w\" sizes=\"auto, (max-width: 539px) 100vw, 539px\" \/><\/div><\/div><\/div><\/div><\/div><div class=\"vc_col-sm-9 wpb_column vc_column_container\"><div class=\"vc_column-inner\"><div class=\"wpb_wrapper\"><div class=\"wpb_text_column\"><div class=\"wpb_wrapper\"><p><strong>Belv\u00e9d\u00e8re inf\u00e9rieur jusqu&rsquo;au 14 juin 2026<\/strong><\/p>\n<p>Les peintures de paysage du 19e si\u00e8cle avec des tableaux de Ferdinand Georg Waldm\u00fcller et de ses contemporains.<\/p>\n<p>Une exposition du Belv\u00e9d\u00e8re, Vienne, en coop\u00e9ration avec la National Gallery, Londres.<\/p>\n<p>Avec des pr\u00eats des collections princi\u00e8res du Liechtenstein.<\/p>\n<p><a href=\"https:\/\/www.belvedere.at\/ferdinand-georg-waldmueller\" target=\"_blank\" rel=\"nofollow noopener\">unteres Belvedere<\/a><\/p>\n<\/div><\/div><\/div><\/div><\/div><div class=\"vc_col-sm-12 wpb_column vc_column_container\"><div class=\"vc_column-inner\"><div class=\"wpb_wrapper\"><div class=\"w-separator size_small with_line width_default thick_1 style_solid color_border align_center\"><div class=\"w-separator-h\"><\/div><\/div><\/div><\/div><\/div><\/div><\/div><\/section><section class=\"l-section wpb_row height_auto\"><div class=\"l-section-h i-cf\"><div class=\"g-cols vc_row via_flex valign_top type_default stacking_default\"><div class=\"vc_col-sm-3 wpb_column vc_column_container\"><div class=\"vc_column-inner\"><div class=\"wpb_wrapper\"><div class=\"w-image align_center\"><div class=\"w-image-h\"><img decoding=\"async\" width=\"904\" height=\"772\" src=\"https:\/\/www.karntnerhof.com\/wp-content\/uploads\/2022\/03\/Bienenpatenschaft-2026.png\" class=\"attachment-full size-full\" alt=\"\" loading=\"lazy\" srcset=\"https:\/\/www.karntnerhof.com\/wp-content\/uploads\/2022\/03\/Bienenpatenschaft-2026.png 904w, https:\/\/www.karntnerhof.com\/wp-content\/uploads\/2022\/03\/Bienenpatenschaft-2026-300x256.png 300w\" sizes=\"auto, (max-width: 904px) 100vw, 904px\" \/><\/div><\/div><\/div><\/div><\/div><div class=\"vc_col-sm-9 wpb_column vc_column_container\"><div class=\"vc_column-inner\"><div class=\"wpb_wrapper\"><div class=\"wpb_text_column\"><div class=\"wpb_wrapper\"><h5><\/h5>\n<p>Nous avons parrain\u00e9 des abeilles ! La reine des abeilles de notre ruche s&rsquo;appelle \u00ab\u00a0Emine\u00a0\u00bb &#8211; tout comme notre dame de compagnie, qui ne m\u00e9nage pas ses efforts !<\/p>\n<p>Le miel naturel de \u00ab\u00a0nos abeilles\u00a0\u00bb peut \u00e9galement \u00eatre d\u00e9gust\u00e9 lors de notre petit-d\u00e9jeuner buffet !<\/p>\n<p><a href=\"http:\/\/www.honigerlebnis-hinteregger.at\" target=\"_blank\" rel=\"noopener\">Exp\u00e9rience au miel<\/a><\/p>\n<\/div><\/div><\/div><\/div><\/div><div class=\"vc_col-sm-12 wpb_column vc_column_container\"><div class=\"vc_column-inner\"><div class=\"wpb_wrapper\"><div class=\"w-separator size_small with_line width_default thick_1 style_solid color_border align_center\"><div class=\"w-separator-h\"><\/div><\/div><\/div><\/div><\/div><\/div><\/div><\/section>\n<\/div><\/div><\/div><\/div><\/div><\/section>\n","protected":false},"excerpt":{"rendered":"[vc_custom_heading text=\u00a0\u00bbR\u00e9server au meilleur prix garanti Toutes les chambres sont climatis\u00e9es\u00a0\u00bb font_container=\u00a0\u00bbtag:h5|text_align:center\u00a0\u00bb google_fonts=\u00a0\u00bbfont_family:Open%20Sans%3A300%2C300italic%2Cregular%2Citalic%2C600%2C600italic%2C700%2C700italic%2C800%2C800italic|font_style:400%20regular%3A400%3Anormal\u00a0\u00bb][vc_custom_heading text=\u00a0\u00bbR\u00e9server au meilleur prix garanti. Toutes les chambres sont climatis\u00e9es\u00a0\u00bb font_container=\u00a0\u00bbtag:h5|text_align:center\u00a0\u00bb google_fonts=\u00a0\u00bbfont_family:Open%20Sans%3A300%2C300italic%2Cregular%2Citalic%2C600%2C600italic%2C700%2C700italic%2C800%2C800italic|font_style:400%20regular%3A400%3Anormal\u00a0\u00bb] Belv\u00e9d\u00e8re inf\u00e9rieur jusqu&rsquo;au 14 juin 2026 Les peintures de paysage du 19e si\u00e8cle avec des tableaux de Ferdinand Georg Waldm\u00fcller et de ses contemporains. Une exposition du Belv\u00e9d\u00e8re, Vienne, en...","protected":false},"author":1,"featured_media":0,"parent":0,"menu_order":0,"comment_status":"closed","ping_status":"closed","template":"","meta":{"_monsterinsights_skip_tracking":false,"_monsterinsights_sitenote_active":false,"_monsterinsights_sitenote_note":"","_monsterinsights_sitenote_category":0,"footnotes":""},"class_list":["post-761","page","type-page","status-publish","hentry"],"aioseo_notices":[],"_links":{"self":[{"href":"https:\/\/www.karntnerhof.com\/fr\/wp-json\/wp\/v2\/pages\/761","targetHints":{"allow":["GET"]}}],"collection":[{"href":"https:\/\/www.karntnerhof.com\/fr\/wp-json\/wp\/v2\/pages"}],"about":[{"href":"https:\/\/www.karntnerhof.com\/fr\/wp-json\/wp\/v2\/types\/page"}],"author":[{"embeddable":true,"href":"https:\/\/www.karntnerhof.com\/fr\/wp-json\/wp\/v2\/users\/1"}],"replies":[{"embeddable":true,"href":"https:\/\/www.karntnerhof.com\/fr\/wp-json\/wp\/v2\/comments?post=761"}],"version-history":[{"count":7,"href":"https:\/\/www.karntnerhof.com\/fr\/wp-json\/wp\/v2\/pages\/761\/revisions"}],"predecessor-version":[{"id":2754,"href":"https:\/\/www.karntnerhof.com\/fr\/wp-json\/wp\/v2\/pages\/761\/revisions\/2754"}],"wp:attachment":[{"href":"https:\/\/www.karntnerhof.com\/fr\/wp-json\/wp\/v2\/media?parent=761"}],"curies":[{"name":"wp","href":"https:\/\/api.w.org\/{rel}","templated":true}]}}